{"id":299,"date":"2010-05-10T18:16:41","date_gmt":"2010-05-10T16:16:41","guid":{"rendered":"https:\/\/sbahnbau.bxf.de\/?page_id=299"},"modified":"2017-06-29T20:48:38","modified_gmt":"2017-06-29T19:48:38","slug":"am-bau-beteiligte-firmen","status":"publish","type":"page","link":"https:\/\/sbahnbau.bxf.de\/?page_id=299","title":{"rendered":"Am Bau beteiligte Firmen"},"content":{"rendered":"<p style=\"text-align: center;\"><em><strong>Die unten aufgelisteten Firmen sind, bzw. waren unter anderen an den Bauarbeiten f\u00fcr die Erweiterung der S-Bahn N\u00fcrnberg beteiligt.<\/strong><\/em><\/p>\n<p style=\"text-align: center;\"><em><strong>Erg\u00e4nzungen und Hinweise zu der Liste sind willkommen.<\/strong><\/em><\/p>\n<ul>\n<li><strong><a href=\"http:\/\/www.angermueller.de\/\" target=\"_blank\" rel=\"noopener noreferrer\">Angerm\u00fcller Bau<br \/>\n<\/a><\/strong><\/li>\n<\/ul>\n<p style=\"padding-left: 60px;\"><strong>Siebenbogenbr\u00fccke F\u00fcrth<\/strong><\/p>\n<ul>\n<li><strong><a href=\"http:\/\/www.backes-scholz.de\/\" target=\"_blank\" rel=\"noopener noreferrer\">Backes &amp; Scholz Elektrotechnik<\/a><\/strong><\/li>\n<\/ul>\n<p style=\"padding-left: 60px;\"><strong>Weichenheizung, Erdungen Wicklesgreuth\/Ansbach<\/strong><\/p>\n<ul>\n<li><strong><a href=\"http:\/\/www.bauerumweltgruppe.com\" target=\"_blank\" rel=\"noopener noreferrer\">Bauer Umweltgruppe<\/a><\/strong><\/li>\n<\/ul>\n<p style=\"padding-left: 60px;\"><strong>Bodensanierung Wicklesgreuth<\/strong><\/p>\n<ul>\n<li><strong><a href=\"http:\/\/www.bickhardt-bau.de\/\" target=\"_blank\" rel=\"noopener noreferrer\">Bickhardt Bau AG<\/a><\/strong><\/li>\n<\/ul>\n<p style=\"padding-left: 60px;\"><strong>Umbau Erlangen Gleis 2\/3, Umbau Erlangen Gbf<\/strong><\/p>\n<ul>\n<li><strong><a href=\"http:\/\/www.bug-ag.de\/\" target=\"_blank\" rel=\"noopener noreferrer\">BUG Verkehrsbau AG<\/a><\/strong><\/li>\n<\/ul>\n<p style=\"padding-left: 60px;\"><strong>Umbau Hp Unterasbach<\/strong><\/p>\n<ul>\n<li><a href=\"http:\/\/www.dienstbier-gmbh.de\/\" target=\"_blank\" rel=\"noopener noreferrer\"><strong>Dienstbier GmbH &amp; Co. KG<\/strong><\/a><\/li>\n<\/ul>\n<p style=\"padding-left: 60px;\"><strong>Wiederherstellung eines Weges\u00a0 in Ro\u00dftal<br \/>\n<\/strong><\/p>\n<ul>\n<li><strong><a href=\"http:\/\/www.kassecker.de\/\" target=\"_blank\" rel=\"noopener noreferrer\">Franz Kassecker GmbH<\/a><\/strong><\/li>\n<\/ul>\n<p style=\"padding-left: 60px;\"><strong>Umbau Hp Anwanden<\/strong><\/p>\n<p style=\"padding-left: 60px;\"><strong>Umbau Hp Raitersaich<\/strong><\/p>\n<ul>\n<li><strong><a href=\"http:\/\/www.frenzel-bau.de\/\" target=\"_blank\" rel=\"noopener noreferrer\">Frenzel Bau<br \/>\n<\/a><\/strong><\/li>\n<\/ul>\n<p style=\"padding-left: 60px;\"><strong>Bau der Behelfsbahnsteige in Eltersdorf<\/strong><\/p>\n<p style=\"padding-left: 60px;\"><strong>Bahnsteigneubau in Feucht und Fischbach<br \/>\n<\/strong><\/p>\n<ul>\n<li><strong><a href=\"http:\/\/www.duensing.de\/\" target=\"_blank\" rel=\"noopener noreferrer\">Friedrich Duensing GmbH<br \/>\n<\/a><\/strong><\/li>\n<\/ul>\n<p style=\"padding-left: 60px;\"><strong>Kabeltiefbau\/Kabelarbeiten im Bereich Erlangen<\/strong><\/p>\n<ul>\n<li><strong><a href=\"http:\/\/www.hartung-bau.de\/\" target=\"_blank\" rel=\"noopener noreferrer\">Hartung Bau<\/a><\/strong><\/li>\n<\/ul>\n<p style=\"padding-left: 60px;\"><strong>Umbauarbeiten im Bereich Erlangen<\/strong><\/p>\n<ul>\n<li><strong><a href=\"http:\/\/www.heicon.biz\" target=\"_blank\" rel=\"noopener noreferrer\">Heicon Service<\/a> <\/strong><\/li>\n<\/ul>\n<p style=\"padding-left: 60px;\"><strong> Bf Ansbach<\/strong><strong> Oberleitungsmastfundamente <\/strong><\/p>\n<ul>\n<li><a href=\"http:\/\/www.jhubert.de\/\" target=\"_blank\" rel=\"noopener noreferrer\"><strong>Joseph Hubert<\/strong><\/a><\/li>\n<\/ul>\n<p style=\"padding-left: 60px;\"><strong> Gleisbau<\/strong><\/p>\n<ul>\n<li><strong><a href=\"http:\/\/www.walthelm.com\/\" target=\"_blank\" rel=\"noopener noreferrer\">Johann Walthelm<\/a>\u00a0(Insolvenz 8\/2013, teilweise \u00fcbernommen von\u00a0Backer Bau GmbH)<\/strong><\/li>\n<\/ul>\n<p style=\"padding-left: 60px;\"><strong>Bf Stein, Bahnsteig, Unterf\u00fchrung<\/strong><\/p>\n<p style=\"padding-left: 60px;\"><strong>Umbau Ro\u00dftal Wegbr\u00fccke<br \/>\n<\/strong><\/p>\n<p style=\"padding-left: 60px;\"><strong>Bf Wicklesgreuth, Bahnsteige, Unterf\u00fchrung<\/strong><\/p>\n<p style=\"padding-left: 60px;\"><strong>Umbau Bahnhof Ansbach<\/strong><\/p>\n<p style=\"padding-left: 60px;\"><strong>Um\/Neubau Bahnsteig Rothenburger Stra\u00dfe<br \/>\n<\/strong><\/p>\n<ul>\n<li><strong><a href=\"http:\/\/www.leonhard-weiss.de\" target=\"_blank\" rel=\"noopener noreferrer\">Leonhard Weiss<br \/>\n<\/a><\/strong><\/li>\n<\/ul>\n<p style=\"padding-left: 60px;\"><strong>Gleisbau<\/strong><\/p>\n<p style=\"padding-left: 60px;\"><strong>Neubau Bahnsteig und Gleis 1 in Forchheim<br \/>\n<\/strong><\/p>\n<ul>\n<li><strong><a href=\"http:\/\/www.markgraf-bau.de\/\" target=\"_blank\" rel=\"noopener noreferrer\">Markgraf Bau<\/a><\/strong><\/li>\n<\/ul>\n<p style=\"padding-left: 60px;\"><strong>Umbau Bahnhof Heilsbronn<br \/>\n<\/strong><\/p>\n<p style=\"padding-left: 60px;\"><strong>Ausbau Baiersdorf &#8211; Frochheim in ARGE mit Wittfeld und Eiffage<\/strong><\/p>\n<p style=\"padding-left: 60px;\"><strong>Umbau Eggolsheim<\/strong><\/p>\n<p style=\"padding-left: 60px;\"><strong>L\u00e4rmschutzwand Bubenreuth<\/strong><\/p>\n<ul>\n<li><strong><a href=\"http:\/\/www.muehlbauer-bau.de\" target=\"_blank\" rel=\"noopener noreferrer\">M\u00fchlbauer Bau<\/a><\/strong><\/li>\n<\/ul>\n<p style=\"padding-left: 60px;\"><strong>Kabel- und Signaltiefbau<\/strong><\/p>\n<ul>\n<li><a href=\"http:\/\/www.max-boegl.de\" target=\"_blank\" rel=\"noopener noreferrer\"><strong>Max B\u00f6gel<\/strong><\/a><\/li>\n<\/ul>\n<p style=\"padding-left: 60px;\"><strong>Br\u00fcckenbauarbeiten<br \/>\n<\/strong><\/p>\n<ul>\n<li><strong><a href=\"http:\/\/www.wiebe.de\/de\/itg\/\" target=\"_blank\" rel=\"noopener noreferrer\">ITG Ingenieur-,Tief- und Gleisbau GmbH<\/a><\/strong><\/li>\n<\/ul>\n<p style=\"padding-left: 60px;\"><strong>Umbau N\u00fcrnberg Hbf Bahnsteig Gleis 22\/23<\/strong><\/p>\n<p style=\"padding-left: 60px;\"><strong>Neubau N\u00fcrnberg Hbf Bahnsteig Gleis\u00a0 30<\/strong><\/p>\n<p style=\"padding-left: 60px;\"><strong>Umbau Bahnsteig Gleis 2\/3 in N\u00fcrnberg Hbf<\/strong><\/p>\n<p style=\"padding-left: 60px;\"><strong>Neubau Bahnsteig Gleis 2\/3, Umbau Gleis 3 in Baiersdorf<br \/>\n<\/strong><\/p>\n<ul>\n<li><strong><a href=\"http:\/\/www.thalesgroup.com\" target=\"_blank\" rel=\"noopener noreferrer\">THALES<\/a><\/strong><\/li>\n<\/ul>\n<p style=\"padding-left: 60px;\"><strong>Signaltechnik Wicklesgreuth &#8211; Ansbach<\/strong><\/p>\n<ul>\n<li><a href=\"http:\/\/www.reithelshoefer.de\" target=\"_blank\" rel=\"noopener noreferrer\"><strong>Reithelsh\u00f6fer GmbH<\/strong><\/a><\/li>\n<\/ul>\n<p style=\"padding-left: 60px;\"><strong>Abbruch- und Erdbauarbeiten<\/strong><\/p>\n<ul>\n<li><strong><a href=\"http:\/\/www.railbeton.de\/\" target=\"_blank\" rel=\"noopener noreferrer\"><strong>RAILBETON HAAS KG<\/strong><\/a><\/strong><\/li>\n<\/ul>\n<p style=\"padding-left: 60px;\"><strong>Betonfertigteile f\u00fcr Bahnsteige, Signalanlagen, etc.<\/strong><\/p>\n<ul>\n<li><strong><a href=\"http:\/\/www.reiger-landschaftspflege.de\" target=\"_blank\" rel=\"noopener noreferrer\">Reiger Landschaftspflege<\/a><\/strong><\/li>\n<\/ul>\n<p style=\"padding-left: 60px;\"><strong>Rodungsarbeiten zur Baufeldfreimachung<\/strong><\/p>\n<ul>\n<li><strong><a href=\"http:\/\/www.sersa-group.com\/\" target=\"_blank\" rel=\"noopener noreferrer\">sersa group<\/a><\/strong><\/li>\n<\/ul>\n<p style=\"padding-left: 60px;\"><strong>Oberleitungs\/Gleisumbau<\/strong><\/p>\n<ul>\n<li><strong><a href=\"http:\/\/www.mobility.siemens.com\/mobility\/de\/pub\/fernverkehr\/schienenverkehr\/bahnautomatisierung\/elektronische_stellwerke.htm\" target=\"_blank\" rel=\"noopener noreferrer\">Siemens<br \/>\n<\/a><\/strong><\/li>\n<\/ul>\n<p style=\"padding-left: 60px;\"><strong>Erweiterung EStW N\u00fcrnberg Stein<\/strong><\/p>\n<p style=\"padding-left: 60px;\"><strong>Erweiterung EStW-UZ Erlangen<\/strong><\/p>\n<p style=\"padding-left: 60px;\"><strong>Erweiterung EStW-A Vach<\/strong><\/p>\n<p style=\"padding-left: 60px;\"><strong>Neubau EStw-A Eltersdorf<\/strong><\/p>\n<p style=\"padding-left: 60px;\"><strong>Neubau EStW-A Kersbach<\/strong><\/p>\n<p style=\"padding-left: 60px;\"><strong>Neubau EStW-A Eggolsheim<\/strong><\/p>\n<p style=\"padding-left: 60px;\"><strong>Neubau EStW-A Strullendorf<\/strong><\/p>\n<p style=\"padding-left: 60px;\"><strong>Neubau EStW-UZ Unterleiterbach<\/strong><\/p>\n<p style=\"padding-left: 60px;\"><strong>Neubau EStW-UZ F\u00fcrth (Jansenbr\u00fccke)<\/strong><\/p>\n<p style=\"padding-left: 60px;\"><strong>Anpassung Signaltechnik N\u00fcrnberg &#8211; F\u00fcrth Unterfarrnbach<\/strong><\/p>\n<p style=\"padding-left: 60px;\"><strong>Anpassung Signaltechnik Bf Forchheim\/Bf Baiersdorf<\/strong><\/p>\n<ul>\n<li><strong><a href=\"http:\/\/www.powerlines-group.com\/\" target=\"_blank\" rel=\"noopener noreferrer\">SPL Powerlines Germany<br \/>\n<\/a><\/strong><\/li>\n<\/ul>\n<p style=\"padding-left: 60px;\"><strong>Oberleitungsarbeiten<br \/>\n<\/strong><\/p>\n<ul>\n<li><strong><a href=\"http:\/\/www.strabag-rail.com\/\" target=\"_blank\" rel=\"noopener noreferrer\">STRABAG<br \/>\n<\/a><\/strong><\/li>\n<\/ul>\n<p style=\"padding-left: 60px;\"><strong>Umbau Bahnhof Ro\u00dftal<\/strong><\/p>\n<ul>\n<li><b><a href=\"http:\/\/www.zueblin.de\" target=\"_blank\" rel=\"noopener noreferrer\">Z\u00dcBLIN<\/a><\/b><\/li>\n<\/ul>\n<p style=\"padding-left: 60px;\"><b>Burgbergtunnel Ost<\/b><\/p>\n<p style=\"padding-left: 30px;\"><strong><br \/>\n<\/strong><\/p>\n","protected":false},"excerpt":{"rendered":"<p>Die unten aufgelisteten Firmen sind, bzw. waren unter anderen an den Bauarbeiten f\u00fcr die Erweiterung der S-Bahn N\u00fcrnberg beteiligt. Erg\u00e4nzungen und Hinweise zu der Liste sind willkommen. Angerm\u00fcller Bau Siebenbogenbr\u00fccke F\u00fcrth Backes &amp; Scholz Elektrotechnik Weichenheizung, Erdungen Wicklesgreuth\/Ansbach Bauer Umweltgruppe Bodensanierung Wicklesgreuth Bickhardt Bau AG Umbau Erlangen Gleis 2\/3, Umbau Erlangen Gbf BUG Verkehrsbau AG [&hellip;]<\/p>\n","protected":false},"author":1,"featured_media":0,"parent":0,"menu_order":0,"comment_status":"closed","ping_status":"closed","template":"","meta":[],"_links":{"self":[{"href":"https:\/\/sbahnbau.bxf.de\/index.php?rest_route=\/wp\/v2\/pages\/299"}],"collection":[{"href":"https:\/\/sbahnbau.bxf.de\/index.php?rest_route=\/wp\/v2\/pages"}],"about":[{"href":"https:\/\/sbahnbau.bxf.de\/index.php?rest_route=\/wp\/v2\/types\/page"}],"author":[{"embeddable":true,"href":"https:\/\/sbahnbau.bxf.de\/index.php?rest_route=\/wp\/v2\/users\/1"}],"replies":[{"embeddable":true,"href":"https:\/\/sbahnbau.bxf.de\/index.php?rest_route=%2Fwp%2Fv2%2Fcomments&post=299"}],"version-history":[{"count":34,"href":"https:\/\/sbahnbau.bxf.de\/index.php?rest_route=\/wp\/v2\/pages\/299\/revisions"}],"predecessor-version":[{"id":9097,"href":"https:\/\/sbahnbau.bxf.de\/index.php?rest_route=\/wp\/v2\/pages\/299\/revisions\/9097"}],"wp:attachment":[{"href":"https:\/\/sbahnbau.bxf.de\/index.php?rest_route=%2Fwp%2Fv2%2Fmedia&parent=299"}],"curies":[{"name":"wp","href":"https:\/\/api.w.org\/{rel}","templated":true}]}}